{"id":7,"date":"2025-07-04T17:58:00","date_gmt":"2025-07-04T15:58:00","guid":{"rendered":"https:\/\/www.addhoken.com\/?page_id=7"},"modified":"2025-07-17T12:26:01","modified_gmt":"2025-07-17T10:26:01","slug":"accueil","status":"publish","type":"page","link":"https:\/\/www.addhoken.com\/","title":{"rendered":"Accueil"},"content":{"rendered":"\n<figure class=\"wp-block-image size-large\"><img loading=\"lazy\" decoding=\"async\" width=\"1024\" height=\"333\" src=\"https:\/\/www.addhoken.com\/wp-content\/uploads\/2025\/07\/logob-1024x333.png\" alt=\"\" class=\"wp-image-17\" srcset=\"https:\/\/www.addhoken.com\/wp-content\/uploads\/2025\/07\/logob-1024x333.png 1024w, https:\/\/www.addhoken.com\/wp-content\/uploads\/2025\/07\/logob-300x98.png 300w, https:\/\/www.addhoken.com\/wp-content\/uploads\/2025\/07\/logob-768x250.png 768w, https:\/\/www.addhoken.com\/wp-content\/uploads\/2025\/07\/logob.png 1282w\" sizes=\"auto, (max-width: 1024px) 100vw, 1024px\" \/><\/figure>\n\n\n\n<p class=\"has-text-align-center is-style-default has-base-color has-text-color has-link-color has-large-font-size wp-elements-f3dd23accbad4110f5c27e15b4583224\"><strong>\ud83d\udcde Contactez AddHoken<\/strong><br><br>Demandez une \u00e9tude personnalis\u00e9e, confidentielle et r\u00e9active.<br><br><strong>\ud83d\udce7 <a href=\"mailto:ryu@addhoken.com\" target=\"_blank\" rel=\"noreferrer noopener\">ryu@addhoken.com<\/a> | \ud83d\udcf1 +33 6 32 02 79 47<\/strong><\/p>\n\n\n\n<p><\/p>\n\n\n\n<p><\/p>\n\n\n\n<p><\/p>\n","protected":false},"excerpt":{"rendered":"<p>\ud83d\udcde Contactez AddHoken Demandez une \u00e9tude personnalis\u00e9e, confidentielle et r\u00e9active. \ud83d\udce7 ryu@addhoken.com | \ud83d\udcf1 +33 6 32 02 79 47<\/p>\n","protected":false},"author":1,"featured_media":0,"parent":0,"menu_order":0,"comment_status":"closed","ping_status":"closed","template":"","meta":{"footnotes":""},"class_list":["post-7","page","type-page","status-publish","hentry"],"_links":{"self":[{"href":"https:\/\/www.addhoken.com\/index.php?rest_route=\/wp\/v2\/pages\/7","targetHints":{"allow":["GET"]}}],"collection":[{"href":"https:\/\/www.addhoken.com\/index.php?rest_route=\/wp\/v2\/pages"}],"about":[{"href":"https:\/\/www.addhoken.com\/index.php?rest_route=\/wp\/v2\/types\/page"}],"author":[{"embeddable":true,"href":"https:\/\/www.addhoken.com\/index.php?rest_route=\/wp\/v2\/users\/1"}],"replies":[{"embeddable":true,"href":"https:\/\/www.addhoken.com\/index.php?rest_route=%2Fwp%2Fv2%2Fcomments&post=7"}],"version-history":[{"count":6,"href":"https:\/\/www.addhoken.com\/index.php?rest_route=\/wp\/v2\/pages\/7\/revisions"}],"predecessor-version":[{"id":23,"href":"https:\/\/www.addhoken.com\/index.php?rest_route=\/wp\/v2\/pages\/7\/revisions\/23"}],"wp:attachment":[{"href":"https:\/\/www.addhoken.com\/index.php?rest_route=%2Fwp%2Fv2%2Fmedia&parent=7"}],"curies":[{"name":"wp","href":"https:\/\/api.w.org\/{rel}","templated":true}]}}